{"id":2490,"date":"2023-03-13T11:15:41","date_gmt":"2023-03-13T11:15:41","guid":{"rendered":"http:\/\/www.partidobitcoin.com\/?page_id=2490"},"modified":"2023-03-13T12:25:08","modified_gmt":"2023-03-13T12:25:08","slug":"unete","status":"publish","type":"page","link":"http:\/\/www.partidobitcoin.com\/index.php\/unete\/","title":{"rendered":"Unete"},"content":{"rendered":"\t\t<div data-elementor-type=\"wp-page\" data-elementor-id=\"2490\" class=\"elementor elementor-2490\">\n\t\t\t\t\t\t\t\t\t<section class=\"elementor-section elementor-top-section elementor-element elementor-element-414ce95 elementor-section-full_width elementor-section-height-default elementor-section-height-default wpr-particle-no wpr-jarallax-no wpr-parallax-no wpr-sticky-section-no\" data-id=\"414ce95\" data-element_type=\"section\" data-settings=\"{&quot;background_background&quot;:&quot;slideshow&quot;,&quot;background_slideshow_gallery&quot;:[{&quot;id&quot;:2492,&quot;url&quot;:&quot;http:\\\/\\\/www.partidobitcoin.com\\\/wp-content\\\/uploads\\\/2023\\\/03\\\/bitcoin-scaled.jpg&quot;}],&quot;background_slideshow_loop&quot;:&quot;yes&quot;,&quot;background_slideshow_slide_duration&quot;:5000,&quot;background_slideshow_slide_transition&quot;:&quot;fade&quot;,&quot;background_slideshow_transition_duration&quot;:500}\">\n\t\t\t\t\t\t\t<div class=\"elementor-background-overlay\"><\/div>\n\t\t\t\t\t\t\t<div class=\"elementor-container elementor-column-gap-default\">\n\t\t\t\t\t<div class=\"elementor-column elementor-col-100 elementor-top-column elementor-element elementor-element-4b0aa5c\" data-id=\"4b0aa5c\" data-element_type=\"column\">\n\t\t\t<div class=\"elementor-widget-wrap elementor-element-populated\">\n\t\t\t\t\t\t\t\t<div class=\"elementor-element elementor-element-9dbded4 elementor-widget elementor-widget-spacer\" data-id=\"9dbded4\" data-element_type=\"widget\" data-widget_type=\"spacer.default\">\n\t\t\t\t<div class=\"elementor-widget-container\">\n\t\t\t<style>\/*! elementor - v3.11.3 - 07-03-2023 *\/\n.elementor-column .elementor-spacer-inner{height:var(--spacer-size)}.e-con{--container-widget-width:100%}.e-con-inner>.elementor-widget-spacer,.e-con>.elementor-widget-spacer{width:var(--container-widget-width,var(--spacer-size));--align-self:var(--container-widget-align-self,initial);--flex-shrink:0}.e-con-inner>.elementor-widget-spacer>.elementor-widget-container,.e-con-inner>.elementor-widget-spacer>.elementor-widget-container>.elementor-spacer,.e-con>.elementor-widget-spacer>.elementor-widget-container,.e-con>.elementor-widget-spacer>.elementor-widget-container>.elementor-spacer{height:100%}.e-con-inner>.elementor-widget-spacer>.elementor-widget-container>.elementor-spacer>.elementor-spacer-inner,.e-con>.elementor-widget-spacer>.elementor-widget-container>.elementor-spacer>.elementor-spacer-inner{height:var(--container-widget-height,var(--spacer-size))}<\/style>\t\t<div class=\"elementor-spacer\">\n\t\t\t<div class=\"elementor-spacer-inner\"><\/div>\n\t\t<\/div>\n\t\t\t\t<\/div>\n\t\t\t\t<\/div>\n\t\t\t\t<div class=\"elementor-element elementor-element-7bfb830 elementor-widget elementor-widget-heading\" data-id=\"7bfb830\" data-element_type=\"widget\" data-widget_type=\"heading.default\">\n\t\t\t\t<div class=\"elementor-widget-container\">\n\t\t\t<style>\/*! elementor - v3.11.3 - 07-03-2023 *\/\n.elementor-heading-title{padding:0;margin:0;line-height:1}.elementor-widget-heading .elementor-heading-title[class*=elementor-size-]>a{color:inherit;font-size:inherit;line-height:inherit}.elementor-widget-heading .elementor-heading-title.elementor-size-small{font-size:15px}.elementor-widget-heading .elementor-heading-title.elementor-size-medium{font-size:19px}.elementor-widget-heading .elementor-heading-title.elementor-size-large{font-size:29px}.elementor-widget-heading .elementor-heading-title.elementor-size-xl{font-size:39px}.elementor-widget-heading .elementor-heading-title.elementor-size-xxl{font-size:59px}<\/style><h1 class=\"elementor-heading-title elementor-size-default\">\u00danete a la iniciativa<\/h1>\t\t<\/div>\n\t\t\t\t<\/div>\n\t\t\t\t<div class=\"elementor-element elementor-element-0a909a1 elementor-widget elementor-widget-spacer\" data-id=\"0a909a1\" data-element_type=\"widget\" data-widget_type=\"spacer.default\">\n\t\t\t\t<div class=\"elementor-widget-container\">\n\t\t\t\t\t<div class=\"elementor-spacer\">\n\t\t\t<div class=\"elementor-spacer-inner\"><\/div>\n\t\t<\/div>\n\t\t\t\t<\/div>\n\t\t\t\t<\/div>\n\t\t\t\t\t<\/div>\n\t\t<\/div>\n\t\t\t\t\t\t\t<\/div>\n\t\t<\/section>\n\t\t\t\t<section class=\"elementor-section elementor-top-section elementor-element elementor-element-e054dad elementor-section-boxed elementor-section-height-default elementor-section-height-default wpr-particle-no wpr-jarallax-no wpr-parallax-no wpr-sticky-section-no\" data-id=\"e054dad\" data-element_type=\"section\">\n\t\t\t\t\t\t<div class=\"elementor-container elementor-column-gap-default\">\n\t\t\t\t\t<div class=\"elementor-column elementor-col-100 elementor-top-column elementor-element elementor-element-8cf31f8\" data-id=\"8cf31f8\" data-element_type=\"column\">\n\t\t\t<div class=\"elementor-widget-wrap elementor-element-populated\">\n\t\t\t\t\t\t\t\t<div class=\"elementor-element elementor-element-8595495 elementor-widget elementor-widget-heading\" data-id=\"8595495\" data-element_type=\"widget\" data-widget_type=\"heading.default\">\n\t\t\t\t<div class=\"elementor-widget-container\">\n\t\t\t<h2 class=\"elementor-heading-title elementor-size-default\">\u00a1\u00danete al Partido Bitcoin y s\u00e9 parte de la revoluci\u00f3n pol\u00edtica del futuro!&nbsp;<\/h2>\t\t<\/div>\n\t\t\t\t<\/div>\n\t\t\t\t<div class=\"elementor-element elementor-element-81e510a elementor-widget elementor-widget-text-editor\" data-id=\"81e510a\" data-element_type=\"widget\" data-widget_type=\"text-editor.default\">\n\t\t\t\t<div class=\"elementor-widget-container\">\n\t\t\t<style>\/*! elementor - v3.11.3 - 07-03-2023 *\/\n.elementor-widget-text-editor.elementor-drop-cap-view-stacked .elementor-drop-cap{background-color:#818a91;color:#fff}.elementor-widget-text-editor.elementor-drop-cap-view-framed .elementor-drop-cap{color:#818a91;border:3px solid;background-color:transparent}.elementor-widget-text-editor:not(.elementor-drop-cap-view-default) .elementor-drop-cap{margin-top:8px}.elementor-widget-text-editor:not(.elementor-drop-cap-view-default) .elementor-drop-cap-letter{width:1em;height:1em}.elementor-widget-text-editor .elementor-drop-cap{float:left;text-align:center;line-height:1;font-size:50px}.elementor-widget-text-editor .elementor-drop-cap-letter{display:inline-block}<\/style>\t\t\t\t<p>No estamos casados con ninguna ideolog\u00eda pol\u00edtica y nos centramos en el sentido com\u00fan y en el bienestar de la gente. Juntos podemos liderar el cambio y pedir una verdadera regeneraci\u00f3n de los valores pol\u00edticos.<\/p><p>\u00a1\u00danete hoy y haz la diferencia!<\/p>\t\t\t\t\t\t<\/div>\n\t\t\t\t<\/div>\n\t\t\t\t\t<\/div>\n\t\t<\/div>\n\t\t\t\t\t\t\t<\/div>\n\t\t<\/section>\n\t\t\t\t<section class=\"elementor-section elementor-top-section elementor-element elementor-element-2485d72 elementor-section-boxed elementor-section-height-default elementor-section-height-default wpr-particle-no wpr-jarallax-no wpr-parallax-no wpr-sticky-section-no\" data-id=\"2485d72\" data-element_type=\"section\">\n\t\t\t\t\t\t<div class=\"elementor-container elementor-column-gap-default\">\n\t\t\t\t\t<div class=\"elementor-column elementor-col-100 elementor-top-column elementor-element elementor-element-ad1cfd6\" data-id=\"ad1cfd6\" data-element_type=\"column\">\n\t\t\t<div class=\"elementor-widget-wrap elementor-element-populated\">\n\t\t\t\t\t\t\t\t<div class=\"elementor-element elementor-element-48e5421 fluentform-widget-submit-button-custom elementor-widget elementor-widget-fluent-form-widget\" data-id=\"48e5421\" data-element_type=\"widget\" data-widget_type=\"fluent-form-widget.default\">\n\t\t\t\t<div class=\"elementor-widget-container\">\n\t\t\t\n            <div class=\"fluentform-widget-wrapper fluentform-widget-align-default\">\n\n            \n            <div class='fluentform fluentform_wrapper_3'><form data-form_id=\"3\" id=\"fluentform_3\" class=\"frm-fluent-form fluent_form_3 ff-el-form-top ff_form_instance_3_1 ff-form-loading\" data-form_instance=\"ff_form_instance_3_1\" method=\"POST\" ><fieldset style=\"border: none!important;margin: 0!important;padding: 0!important;background-color: transparent!important;\n                                 box-shadow: none!important;outline: none!important;\">\n                    <legend class=\"ff_screen_reader_title\" style=\"margin: 0!important;padding: 0!important;height: 0!important;text-indent: -999999px;width: 0!important;\">Contact Form Demo (#3)<\/legend><input type='hidden' name='__fluent_form_embded_post_id' value='2490' \/><input type=\"hidden\" id=\"_fluentform_3_fluentformnonce\" name=\"_fluentform_3_fluentformnonce\" value=\"66f355e105\" \/><input type=\"hidden\" name=\"_wp_http_referer\" value=\"\/index.php\/wp-json\/wp\/v2\/pages\/2490\" \/><div data-type=\"name-element\" data-name=\"names\" class=\" ff-field_container ff-name-field-wrapper\" ><div class='ff-t-container'><div class='ff-t-cell '><div class='ff-el-group'><div class=\"ff-el-input--label ff-el-is-required asterisk-right\"><label for='ff_3_names_first_name_' aria-label=\"Nombre\">Nombre<\/label> <\/div><div class='ff-el-input--content'><input type=\"text\" name=\"names[first_name]\" id=\"ff_3_names_first_name_\" class=\"ff-el-form-control\" placeholder=\"Nombre\" aria-invalid=\"false\" aria-required=false><\/div><\/div><\/div><\/div><\/div><div class='ff-el-group'><div class=\"ff-el-input--label ff-el-is-required asterisk-right\"><label for='ff_3_email' aria-label=\"Email\">Email<\/label> <\/div><div class='ff-el-input--content'><input type=\"email\" name=\"email\" id=\"ff_3_email\" class=\"ff-el-form-control\" placeholder=\"Direcci\u00f3n de correo electr\u00f3nico\" data-name=\"email\"  aria-invalid=\"false\" aria-required=true><\/div><\/div><div data-name=\"ff_cn_id_1\"  class='ff-t-container ff-column-container ff_columns_total_2  '><div class='ff-t-cell ff-t-column-1' style='flex-basis: 50%;'><div class='ff-el-group'><div class=\"ff-el-input--label asterisk-right\"><label for='ff_3_multi_select' aria-label=\"Me interesa:\">Me interesa:<\/label> <\/div><div class='ff-el-input--content'><select name=\"multi_select[]\" id=\"ff_3_multi_select\" class=\"ff-el-form-control  ff_has_multi_select\" multiple=\"1\" data-name=\"multi_select\" data-max_selected_options=\"3\" data-calc_value=\"0\"  aria-invalid=\"false\" aria-required=false><option value=\"Recibir m\u00e1s informaci\u00f3n\"  >Recibir m\u00e1s informaci\u00f3n<\/option><option value=\"Afiliarme al partido\"  >Afiliarme al partido<\/option><option value=\"Hacer una donaci\u00f3n\"  >Hacer una donaci\u00f3n<\/option><option value=\"Otro\"  >Otro<\/option><\/select><\/div><\/div><\/div><div class='ff-t-cell ff-t-column-2' style='flex-basis: 50%;'><div class='ff-el-group'><div class=\"ff-el-input--label asterisk-right\"><label for='ff_3_message_1' aria-label=\"Mensaje\">Mensaje<\/label> <\/div><div class='ff-el-input--content'><textarea aria-invalid=\"false\" aria-required=false name=\"message_1\" id=\"ff_3_message_1\" class=\"ff-el-form-control\" placeholder=\"Tu mensaje\" rows=\"4\" cols=\"2\" data-name=\"message_1\" ><\/textarea><\/div><\/div><\/div><\/div><div class='ff-el-group    ff-el-input--content'><div class='ff-el-form-check ff-el-tc'><label aria-label='terms & conditions' class='ff-el-form-check-label ff_tc_label' for=gdpr-agreement_4e484f65db4812e4fd58fbe33c658a50><span class='ff_tc_checkbox'><input type=\"checkbox\" name=\"gdpr-agreement\" class=\"ff-el-form-check-input ff_gdpr_field\" data-name=\"gdpr-agreement\" id=\"gdpr-agreement_4e484f65db4812e4fd58fbe33c658a50\"  value='on' aria-invalid='false' aria-required=true><\/span> <div class='ff_t_c'>Doy mi consentimiento para que este sitio web almacene mi informaci\u00f3n enviada para que puedan responder a mi consulta<\/div><\/label><\/div><\/div><div class='ff-el-group ff-text-left ff_submit_btn_wrapper'><button type=\"submit\" class=\"ff-btn ff-btn-submit ff-btn-md ff_btn_style\" >Enviar<\/button><\/div><\/fieldset><\/form><div id='fluentform_3_errors' class='ff-errors-in-stack ff_form_instance_3_1 ff-form-loading_errors ff_form_instance_3_1_errors'><\/div><\/div>        <script type=\"text\/javascript\">\n            window.fluent_form_ff_form_instance_3_1 = {\"id\":\"3\",\"settings\":{\"layout\":{\"labelPlacement\":\"top\",\"helpMessagePlacement\":\"with_label\",\"errorMessagePlacement\":\"inline\",\"cssClassName\":\"\",\"asteriskPlacement\":\"asterisk-right\"},\"restrictions\":{\"denyEmptySubmission\":{\"enabled\":false}}},\"form_instance\":\"ff_form_instance_3_1\",\"form_id_selector\":\"fluentform_3\",\"rules\":{\"names[first_name]\":{\"required\":{\"value\":true,\"message\":\"Es necesario\"}},\"names[middle_name]\":{\"required\":{\"value\":false,\"message\":\"This field is required\"}},\"names[last_name]\":{\"required\":{\"value\":false,\"message\":\"This field is required\"}},\"email\":{\"required\":{\"value\":true,\"message\":\"Es necesario\"},\"email\":{\"value\":true,\"message\":\"This field must contain a valid email\"}},\"multi_select\":{\"required\":{\"value\":false,\"message\":\"This field is required\"}},\"message_1\":{\"required\":{\"value\":false,\"message\":\"This field is required\"}},\"gdpr-agreement\":{\"required\":{\"value\":true,\"message\":\"This field is required\"}}}};\n                    <\/script>\n                    <\/div>\n\n            \t\t<\/div>\n\t\t\t\t<\/div>\n\t\t\t\t\t<\/div>\n\t\t<\/div>\n\t\t\t\t\t\t\t<\/div>\n\t\t<\/section>\n\t\t\t\t\t\t\t<\/div>\n\t\t","protected":false},"excerpt":{"rendered":"<p>\u00danete a la iniciativa \u00a1\u00danete al Partido Bitcoin y s\u00e9 parte de la revoluci\u00f3n pol\u00edtica del futuro!&nbsp; No estamos casados con ninguna ideolog\u00eda pol\u00edtica y nos centramos en el sentido com\u00fan y en el bienestar de la gente. Juntos podemos liderar el cambio y pedir una verdadera regeneraci\u00f3n de los valores pol\u00edticos. \u00a1\u00danete hoy y [&hellip;]<\/p>\n","protected":false},"author":1,"featured_media":0,"parent":0,"menu_order":0,"comment_status":"closed","ping_status":"closed","template":"","meta":{"footnotes":""},"class_list":["post-2490","page","type-page","status-publish","hentry"],"yoast_head":"<!-- This site is optimized with the Yoast SEO plugin v20.2.1 - https:\/\/yoast.com\/wordpress\/plugins\/seo\/ -->\n<title>Unete - Partido Bitcoin<\/title>\n<meta name=\"robots\" content=\"index, follow, max-snippet:-1, max-image-preview:large, max-video-preview:-1\" \/>\n<link rel=\"canonical\" href=\"http:\/\/www.partidobitcoin.com\/index.php\/unete\/\" \/>\n<meta property=\"og:locale\" content=\"es_ES\" \/>\n<meta property=\"og:type\" content=\"article\" \/>\n<meta property=\"og:title\" content=\"Unete - Partido Bitcoin\" \/>\n<meta property=\"og:description\" content=\"\u00danete a la iniciativa \u00a1\u00danete al Partido Bitcoin y s\u00e9 parte de la revoluci\u00f3n pol\u00edtica del futuro!&nbsp; No estamos casados con ninguna ideolog\u00eda pol\u00edtica y nos centramos en el sentido com\u00fan y en el bienestar de la gente. Juntos podemos liderar el cambio y pedir una verdadera regeneraci\u00f3n de los valores pol\u00edticos. \u00a1\u00danete hoy y [&hellip;]\" \/>\n<meta property=\"og:url\" content=\"http:\/\/www.partidobitcoin.com\/index.php\/unete\/\" \/>\n<meta property=\"og:site_name\" content=\"Partido Bitcoin\" \/>\n<meta property=\"article:modified_time\" content=\"2023-03-13T12:25:08+00:00\" \/>\n<meta name=\"twitter:card\" content=\"summary_large_image\" \/>\n<meta name=\"twitter:label1\" content=\"Tiempo de lectura\" \/>\n\t<meta name=\"twitter:data1\" content=\"1 minuto\" \/>\n<script type=\"application\/ld+json\" class=\"yoast-schema-graph\">{\"@context\":\"https:\/\/schema.org\",\"@graph\":[{\"@type\":\"WebPage\",\"@id\":\"http:\/\/www.partidobitcoin.com\/index.php\/unete\/\",\"url\":\"http:\/\/www.partidobitcoin.com\/index.php\/unete\/\",\"name\":\"Unete - Partido Bitcoin\",\"isPartOf\":{\"@id\":\"http:\/\/www.partidobitcoin.com\/#website\"},\"datePublished\":\"2023-03-13T11:15:41+00:00\",\"dateModified\":\"2023-03-13T12:25:08+00:00\",\"breadcrumb\":{\"@id\":\"http:\/\/www.partidobitcoin.com\/index.php\/unete\/#breadcrumb\"},\"inLanguage\":\"es\",\"potentialAction\":[{\"@type\":\"ReadAction\",\"target\":[\"http:\/\/www.partidobitcoin.com\/index.php\/unete\/\"]}]},{\"@type\":\"BreadcrumbList\",\"@id\":\"http:\/\/www.partidobitcoin.com\/index.php\/unete\/#breadcrumb\",\"itemListElement\":[{\"@type\":\"ListItem\",\"position\":1,\"name\":\"Portada\",\"item\":\"https:\/\/www.partidobitcoin.com\/\"},{\"@type\":\"ListItem\",\"position\":2,\"name\":\"Unete\"}]},{\"@type\":\"WebSite\",\"@id\":\"http:\/\/www.partidobitcoin.com\/#website\",\"url\":\"http:\/\/www.partidobitcoin.com\/\",\"name\":\"Partido Bitcoin\",\"description\":\"Prosperidad econ&oacute;mica para todos\",\"publisher\":{\"@id\":\"http:\/\/www.partidobitcoin.com\/#organization\"},\"potentialAction\":[{\"@type\":\"SearchAction\",\"target\":{\"@type\":\"EntryPoint\",\"urlTemplate\":\"http:\/\/www.partidobitcoin.com\/?s={search_term_string}\"},\"query-input\":\"required name=search_term_string\"}],\"inLanguage\":\"es\"},{\"@type\":\"Organization\",\"@id\":\"http:\/\/www.partidobitcoin.com\/#organization\",\"name\":\"Partido Bitcoin\",\"url\":\"http:\/\/www.partidobitcoin.com\/\",\"logo\":{\"@type\":\"ImageObject\",\"inLanguage\":\"es\",\"@id\":\"http:\/\/www.partidobitcoin.com\/#\/schema\/logo\/image\/\",\"url\":\"http:\/\/www.partidobitcoin.com\/wp-content\/uploads\/2023\/03\/cropped-logonegro.png\",\"contentUrl\":\"http:\/\/www.partidobitcoin.com\/wp-content\/uploads\/2023\/03\/cropped-logonegro.png\",\"width\":902,\"height\":110,\"caption\":\"Partido Bitcoin\"},\"image\":{\"@id\":\"http:\/\/www.partidobitcoin.com\/#\/schema\/logo\/image\/\"}}]}<\/script>\n<!-- \/ Yoast SEO plugin. -->","yoast_head_json":{"title":"Unete - Partido Bitcoin","robots":{"index":"index","follow":"follow","max-snippet":"max-snippet:-1","max-image-preview":"max-image-preview:large","max-video-preview":"max-video-preview:-1"},"canonical":"http:\/\/www.partidobitcoin.com\/index.php\/unete\/","og_locale":"es_ES","og_type":"article","og_title":"Unete - Partido Bitcoin","og_description":"\u00danete a la iniciativa \u00a1\u00danete al Partido Bitcoin y s\u00e9 parte de la revoluci\u00f3n pol\u00edtica del futuro!&nbsp; No estamos casados con ninguna ideolog\u00eda pol\u00edtica y nos centramos en el sentido com\u00fan y en el bienestar de la gente. Juntos podemos liderar el cambio y pedir una verdadera regeneraci\u00f3n de los valores pol\u00edticos. \u00a1\u00danete hoy y [&hellip;]","og_url":"http:\/\/www.partidobitcoin.com\/index.php\/unete\/","og_site_name":"Partido Bitcoin","article_modified_time":"2023-03-13T12:25:08+00:00","twitter_card":"summary_large_image","twitter_misc":{"Tiempo de lectura":"1 minuto"},"schema":{"@context":"https:\/\/schema.org","@graph":[{"@type":"WebPage","@id":"http:\/\/www.partidobitcoin.com\/index.php\/unete\/","url":"http:\/\/www.partidobitcoin.com\/index.php\/unete\/","name":"Unete - Partido Bitcoin","isPartOf":{"@id":"http:\/\/www.partidobitcoin.com\/#website"},"datePublished":"2023-03-13T11:15:41+00:00","dateModified":"2023-03-13T12:25:08+00:00","breadcrumb":{"@id":"http:\/\/www.partidobitcoin.com\/index.php\/unete\/#breadcrumb"},"inLanguage":"es","potentialAction":[{"@type":"ReadAction","target":["http:\/\/www.partidobitcoin.com\/index.php\/unete\/"]}]},{"@type":"BreadcrumbList","@id":"http:\/\/www.partidobitcoin.com\/index.php\/unete\/#breadcrumb","itemListElement":[{"@type":"ListItem","position":1,"name":"Portada","item":"https:\/\/www.partidobitcoin.com\/"},{"@type":"ListItem","position":2,"name":"Unete"}]},{"@type":"WebSite","@id":"http:\/\/www.partidobitcoin.com\/#website","url":"http:\/\/www.partidobitcoin.com\/","name":"Partido Bitcoin","description":"Prosperidad econ&oacute;mica para todos","publisher":{"@id":"http:\/\/www.partidobitcoin.com\/#organization"},"potentialAction":[{"@type":"SearchAction","target":{"@type":"EntryPoint","urlTemplate":"http:\/\/www.partidobitcoin.com\/?s={search_term_string}"},"query-input":"required name=search_term_string"}],"inLanguage":"es"},{"@type":"Organization","@id":"http:\/\/www.partidobitcoin.com\/#organization","name":"Partido Bitcoin","url":"http:\/\/www.partidobitcoin.com\/","logo":{"@type":"ImageObject","inLanguage":"es","@id":"http:\/\/www.partidobitcoin.com\/#\/schema\/logo\/image\/","url":"http:\/\/www.partidobitcoin.com\/wp-content\/uploads\/2023\/03\/cropped-logonegro.png","contentUrl":"http:\/\/www.partidobitcoin.com\/wp-content\/uploads\/2023\/03\/cropped-logonegro.png","width":902,"height":110,"caption":"Partido Bitcoin"},"image":{"@id":"http:\/\/www.partidobitcoin.com\/#\/schema\/logo\/image\/"}}]}},"_links":{"self":[{"href":"http:\/\/www.partidobitcoin.com\/index.php\/wp-json\/wp\/v2\/pages\/2490","targetHints":{"allow":["GET"]}}],"collection":[{"href":"http:\/\/www.partidobitcoin.com\/index.php\/wp-json\/wp\/v2\/pages"}],"about":[{"href":"http:\/\/www.partidobitcoin.com\/index.php\/wp-json\/wp\/v2\/types\/page"}],"author":[{"embeddable":true,"href":"http:\/\/www.partidobitcoin.com\/index.php\/wp-json\/wp\/v2\/users\/1"}],"replies":[{"embeddable":true,"href":"http:\/\/www.partidobitcoin.com\/index.php\/wp-json\/wp\/v2\/comments?post=2490"}],"version-history":[{"count":10,"href":"http:\/\/www.partidobitcoin.com\/index.php\/wp-json\/wp\/v2\/pages\/2490\/revisions"}],"predecessor-version":[{"id":2501,"href":"http:\/\/www.partidobitcoin.com\/index.php\/wp-json\/wp\/v2\/pages\/2490\/revisions\/2501"}],"wp:attachment":[{"href":"http:\/\/www.partidobitcoin.com\/index.php\/wp-json\/wp\/v2\/media?parent=2490"}],"curies":[{"name":"wp","href":"https:\/\/api.w.org\/{rel}","templated":true}]}}